{"id":916,"date":"2014-10-31T22:26:48","date_gmt":"2014-10-31T20:26:48","guid":{"rendered":"https:\/\/www.aurora.webteam2000.biz\/restaurant\/"},"modified":"2023-11-28T11:10:30","modified_gmt":"2023-11-28T10:10:30","slug":"umgebung","status":"publish","type":"page","link":"https:\/\/www.tumpaschinhof.webteam2000.biz\/en\/umgebung\/","title":{"rendered":"Umgebung"},"content":{"rendered":"<div class=\"thrv_wrapper thrv_text_element dynamic-group-k876nyz3\" data-css=\"tve-u-17d53857db0\">\n<h2 class=\"\" data-css=\"tve-u-619e93f755afd6\">Wandern<\/h2>\n<\/div>\n<div class=\"thrv_wrapper thrv_text_element dynamic-group-k876o2fi\" data-css=\"tve-u-619e93f755b215\">\n<p data-css=\"tve-u-619e93f755b289\">Auf dem Vinschger Sonnenberg bieten sich eine Vielzahl von Wanderrouten an (Wanderkarten erhalten Sie bei uns). Dabei k\u00f6nnen Sie unvergessliche Stunden erleben und die intakte Natur auf sich wirken lassen. Genie\u00dfen Sie das gro\u00dfartige Bergpanorama auf \u00fcber 1400m.<\/p>\n<p data-css=\"tve-u-619e93f755b289\">\n<\/div>\n<p><a  href=\"https:\/\/untertelshof.com\/wp-content\/uploads\/2023\/11\/wandern-1.jpg\" data-rel=\"lightbox-gallery-0\" data-rl_title=\"\" data-rl_caption=\"\" title=\"\"><img loading=\"lazy\" decoding=\"async\" class=\"Bildrand alignnone wp-image-1265 size-thumb-featured-page-wide\" src=\"https:\/\/untertelshof.com\/wp-content\/uploads\/2023\/11\/wandern-1-570x380.jpg\" alt=\"\" width=\"570\" height=\"380\" srcset=\"https:\/\/www.tumpaschinhof.webteam2000.biz\/wp-content\/uploads\/2023\/11\/wandern-1-570x380.jpg 570w, https:\/\/www.tumpaschinhof.webteam2000.biz\/wp-content\/uploads\/2023\/11\/wandern-1-300x200.jpg 300w, https:\/\/www.tumpaschinhof.webteam2000.biz\/wp-content\/uploads\/2023\/11\/wandern-1-768x512.jpg 768w, https:\/\/www.tumpaschinhof.webteam2000.biz\/wp-content\/uploads\/2023\/11\/wandern-1-1024x683.jpg 1024w, https:\/\/www.tumpaschinhof.webteam2000.biz\/wp-content\/uploads\/2023\/11\/wandern-1.jpg 1920w\" sizes=\"auto, (max-width: 570px) 100vw, 570px\" \/><\/a><\/p>\n<div class=\"thrv_wrapper thrv_text_element dynamic-group-k876nyz3\" data-css=\"tve-u-17d5385a79b\">\n<h2 class=\"\" data-css=\"tve-u-619e93f755afd6\">Tiere<\/h2>\n<\/div>\n<div class=\"thrv_wrapper thrv_text_element dynamic-group-k876o2fi\" data-css=\"tve-u-17d537cf0cf\">\n<p data-css=\"tve-u-619e93f755b289\">Sie und Ihre Kinder k\u00f6nnen bei uns auf dem Hof direkten Kontakt mit den Tieren erleben und t\u00e4glich frische Naturprodukte genie\u00dfen. Genie\u00dfen Sie die t\u00e4glich frische und gesunde Milch und die frischen Eier unserer frei lebenden H\u00fchner. Auf unserem Hof finden Sie auch Hunde und Katzen. Erleben Sie die Tiere hautnah.<\/p>\n<p data-css=\"tve-u-619e93f755b289\"><a  href=\"https:\/\/untertelshof.com\/wp-content\/uploads\/2023\/11\/May-2023-IMG_0205.jpeg\" data-rel=\"lightbox-gallery-0\" data-rl_title=\"\" data-rl_caption=\"\" title=\"\"><img loading=\"lazy\" decoding=\"async\" class=\"Bildrand alignnone wp-image-1916 size-thumb-featured-page-wide\" src=\"https:\/\/untertelshof.com\/wp-content\/uploads\/2023\/11\/May-2023-IMG_0205-570x380.jpeg\" alt=\"\" width=\"570\" height=\"380\" \/><\/a><\/p>\n<\/div>\n<div class=\"thrv_wrapper thrv_text_element dynamic-group-k876nyz3\" data-css=\"tve-u-17d5385c963\">\n<h2 class=\"\" data-css=\"tve-u-619e93f755afd6\">Bergwinter<\/h2>\n<\/div>\n<div class=\"thrv_wrapper thrv_text_element dynamic-group-k876o2fi\" data-css=\"tve-u-619e93f755b215\">\n<p data-css=\"tve-u-619e93f755b289\">Auch im Winter k\u00f6nnen Sie Ihren Urlaub in traumhafter Umgebung genie\u00dfen. So k\u00f6nnen Sie wandern, neben unserem Bauernhof rodeln, oder Sie fahren nach Schluderns zum gratis Eislaufen. Die Skifahrer unter Ihnen kommen nat\u00fcrlich auch nicht zu kurz, so sind Sie in ca. 30 Minuten in den Skigebieten von Sulden oder am Watles.<\/p>\n<p data-css=\"tve-u-619e93f755b289\"><a  href=\"https:\/\/untertelshof.com\/wp-content\/uploads\/2023\/11\/bergwinter.jpg\" data-rel=\"lightbox-gallery-0\" data-rl_title=\"\" data-rl_caption=\"\" title=\"\"><img loading=\"lazy\" decoding=\"async\" class=\"Bildrand alignnone wp-image-1175 size-thumb-featured-page-wide\" src=\"https:\/\/untertelshof.com\/wp-content\/uploads\/2023\/11\/bergwinter-570x380.jpg\" alt=\"\" width=\"570\" height=\"380\" srcset=\"https:\/\/www.tumpaschinhof.webteam2000.biz\/wp-content\/uploads\/2023\/11\/bergwinter-570x380.jpg 570w, https:\/\/www.tumpaschinhof.webteam2000.biz\/wp-content\/uploads\/2023\/11\/bergwinter-300x200.jpg 300w, https:\/\/www.tumpaschinhof.webteam2000.biz\/wp-content\/uploads\/2023\/11\/bergwinter-768x512.jpg 768w, https:\/\/www.tumpaschinhof.webteam2000.biz\/wp-content\/uploads\/2023\/11\/bergwinter-1024x683.jpg 1024w, https:\/\/www.tumpaschinhof.webteam2000.biz\/wp-content\/uploads\/2023\/11\/bergwinter.jpg 1920w\" sizes=\"auto, (max-width: 570px) 100vw, 570px\" \/><\/a><\/p>\n<div class=\"thrv_wrapper thrv_text_element dynamic-group-k876nyz3\" data-css=\"tve-u-17d5385e18f\">\n<h2 class=\"\" data-css=\"tve-u-619e93f755afd6\">Biken<\/h2>\n<\/div>\n<div class=\"thrv_wrapper thrv_text_element dynamic-group-k876o2fi\" data-css=\"tve-u-17d537cbccc\">\n<p data-css=\"tve-u-619e93f755b289\">Es bieten sich gro\u00dfartige Touren f\u00fcr sportliche, Bewegungslustige und auch Familien an. Bei der gro\u00dfen Auswahl finden Sie f\u00fcr jeden Geschmack etwas. Wir empfehlen Ihnen eine sch\u00f6ne Panoramatour oberhalb der breiten Talsohle des Vinschgaus mit einem herrlichem Blick auf den Obervinschgau und das unvergesslich wundersch\u00f6ne Bergpanorama des Laaser Tales.<\/p>\n<p data-css=\"tve-u-619e93f755b289\"><a  href=\"https:\/\/untertelshof.com\/wp-content\/uploads\/2023\/11\/biken.jpg\" data-rel=\"lightbox-gallery-0\" data-rl_title=\"\" data-rl_caption=\"\" title=\"\"><img loading=\"lazy\" decoding=\"async\" class=\"Bildrand alignnone wp-image-1177 size-thumb-featured-page-wide\" src=\"https:\/\/untertelshof.com\/wp-content\/uploads\/2023\/11\/biken-570x380.jpg\" alt=\"\" width=\"570\" height=\"380\" srcset=\"https:\/\/www.tumpaschinhof.webteam2000.biz\/wp-content\/uploads\/2023\/11\/biken-570x380.jpg 570w, https:\/\/www.tumpaschinhof.webteam2000.biz\/wp-content\/uploads\/2023\/11\/biken-300x200.jpg 300w, https:\/\/www.tumpaschinhof.webteam2000.biz\/wp-content\/uploads\/2023\/11\/biken-768x513.jpg 768w, https:\/\/www.tumpaschinhof.webteam2000.biz\/wp-content\/uploads\/2023\/11\/biken-1024x684.jpg 1024w, https:\/\/www.tumpaschinhof.webteam2000.biz\/wp-content\/uploads\/2023\/11\/biken.jpg 1200w\" sizes=\"auto, (max-width: 570px) 100vw, 570px\" \/><\/a><\/p>\n<\/div>\n<\/div>\n","protected":false},"excerpt":{"rendered":"<p>Wandern Auf dem Vinschger Sonnenberg bieten sich eine Vielzahl von Wanderrouten an (Wanderkarten erhalten Sie bei uns). Dabei k\u00f6nnen Sie unvergessliche Stunden erleben und die intakte Natur auf sich wirken [&hellip;]<\/p>\n","protected":false},"author":3,"featured_media":0,"parent":0,"menu_order":0,"comment_status":"closed","ping_status":"closed","template":"","meta":{"footnotes":""},"class_list":["post-916","page","type-page","status-publish","hentry"],"yoast_head":"<!-- This site is optimized with the Yoast SEO plugin v27.3 - https:\/\/yoast.com\/product\/yoast-seo-wordpress\/ -->\n<title>Umgebung - tumpaschin.com<\/title>\n<meta name=\"robots\" content=\"noindex, follow, max-snippet:-1, max-image-preview:large, max-video-preview:-1\" \/>\n<meta property=\"og:locale\" content=\"en_US\" \/>\n<meta property=\"og:type\" content=\"article\" \/>\n<meta property=\"og:title\" content=\"Umgebung - tumpaschin.com\" \/>\n<meta property=\"og:description\" content=\"Wandern Auf dem Vinschger Sonnenberg bieten sich eine Vielzahl von Wanderrouten an (Wanderkarten erhalten Sie bei uns). Dabei k\u00f6nnen Sie unvergessliche Stunden erleben und die intakte Natur auf sich wirken [&hellip;]\" \/>\n<meta property=\"og:url\" content=\"https:\/\/www.tumpaschinhof.webteam2000.biz\/en\/umgebung\/\" \/>\n<meta property=\"og:site_name\" content=\"tumpaschin.com\" \/>\n<meta property=\"article:publisher\" content=\"https:\/\/www.facebook.com\/p\/Untertelshof-100063498491421\/?paipv=0&amp;eav=AfZJtV8FUo8HkO70IpzBU4kkfa2205FOV8TKyu07FBUUSsITVtjTVh_zexVR98ZdeBA&amp;_rdr\" \/>\n<meta property=\"article:modified_time\" content=\"2023-11-28T10:10:30+00:00\" \/>\n<meta property=\"og:image\" content=\"https:\/\/untertelshof.com\/wp-content\/uploads\/2023\/11\/wandern-1-570x380.jpg\" \/>\n<meta name=\"twitter:card\" content=\"summary_large_image\" \/>\n<meta name=\"twitter:label1\" content=\"Est. reading time\" \/>\n\t<meta name=\"twitter:data1\" content=\"1 minute\" \/>\n<script type=\"application\/ld+json\" class=\"yoast-schema-graph\">{\"@context\":\"https:\\\/\\\/schema.org\",\"@graph\":[{\"@type\":\"WebPage\",\"@id\":\"https:\\\/\\\/www.tumpaschinhof.webteam2000.biz\\\/en\\\/umgebung\\\/\",\"url\":\"https:\\\/\\\/www.tumpaschinhof.webteam2000.biz\\\/en\\\/umgebung\\\/\",\"name\":\"Umgebung - tumpaschin.com\",\"isPartOf\":{\"@id\":\"https:\\\/\\\/www.tumpaschinhof.webteam2000.biz\\\/en\\\/#website\"},\"primaryImageOfPage\":{\"@id\":\"https:\\\/\\\/www.tumpaschinhof.webteam2000.biz\\\/en\\\/umgebung\\\/#primaryimage\"},\"image\":{\"@id\":\"https:\\\/\\\/www.tumpaschinhof.webteam2000.biz\\\/en\\\/umgebung\\\/#primaryimage\"},\"thumbnailUrl\":\"https:\\\/\\\/untertelshof.com\\\/wp-content\\\/uploads\\\/2023\\\/11\\\/wandern-1-570x380.jpg\",\"datePublished\":\"2014-10-31T20:26:48+00:00\",\"dateModified\":\"2023-11-28T10:10:30+00:00\",\"breadcrumb\":{\"@id\":\"https:\\\/\\\/www.tumpaschinhof.webteam2000.biz\\\/en\\\/umgebung\\\/#breadcrumb\"},\"inLanguage\":\"en-US\",\"potentialAction\":[{\"@type\":\"ReadAction\",\"target\":[\"https:\\\/\\\/www.tumpaschinhof.webteam2000.biz\\\/en\\\/umgebung\\\/\"]}]},{\"@type\":\"ImageObject\",\"inLanguage\":\"en-US\",\"@id\":\"https:\\\/\\\/www.tumpaschinhof.webteam2000.biz\\\/en\\\/umgebung\\\/#primaryimage\",\"url\":\"https:\\\/\\\/untertelshof.com\\\/wp-content\\\/uploads\\\/2023\\\/11\\\/wandern-1-570x380.jpg\",\"contentUrl\":\"https:\\\/\\\/untertelshof.com\\\/wp-content\\\/uploads\\\/2023\\\/11\\\/wandern-1-570x380.jpg\"},{\"@type\":\"BreadcrumbList\",\"@id\":\"https:\\\/\\\/www.tumpaschinhof.webteam2000.biz\\\/en\\\/umgebung\\\/#breadcrumb\",\"itemListElement\":[{\"@type\":\"ListItem\",\"position\":1,\"name\":\"Startseite\",\"item\":\"https:\\\/\\\/www.tumpaschinhof.webteam2000.biz\\\/en\\\/\"},{\"@type\":\"ListItem\",\"position\":2,\"name\":\"Umgebung\"}]},{\"@type\":\"WebSite\",\"@id\":\"https:\\\/\\\/www.tumpaschinhof.webteam2000.biz\\\/en\\\/#website\",\"url\":\"https:\\\/\\\/www.tumpaschinhof.webteam2000.biz\\\/en\\\/\",\"name\":\"untertelshof.com\",\"description\":\"...bereitgestellt von WebTeam2000 - Schlanders\",\"potentialAction\":[{\"@type\":\"SearchAction\",\"target\":{\"@type\":\"EntryPoint\",\"urlTemplate\":\"https:\\\/\\\/www.tumpaschinhof.webteam2000.biz\\\/en\\\/?s={search_term_string}\"},\"query-input\":{\"@type\":\"PropertyValueSpecification\",\"valueRequired\":true,\"valueName\":\"search_term_string\"}}],\"inLanguage\":\"en-US\"}]}<\/script>\n<!-- \/ Yoast SEO plugin. -->","yoast_head_json":{"title":"Umgebung - tumpaschin.com","robots":{"index":"noindex","follow":"follow","max-snippet":"max-snippet:-1","max-image-preview":"max-image-preview:large","max-video-preview":"max-video-preview:-1"},"og_locale":"en_US","og_type":"article","og_title":"Umgebung - tumpaschin.com","og_description":"Wandern Auf dem Vinschger Sonnenberg bieten sich eine Vielzahl von Wanderrouten an (Wanderkarten erhalten Sie bei uns). Dabei k\u00f6nnen Sie unvergessliche Stunden erleben und die intakte Natur auf sich wirken [&hellip;]","og_url":"https:\/\/www.tumpaschinhof.webteam2000.biz\/en\/umgebung\/","og_site_name":"tumpaschin.com","article_publisher":"https:\/\/www.facebook.com\/p\/Untertelshof-100063498491421\/?paipv=0&eav=AfZJtV8FUo8HkO70IpzBU4kkfa2205FOV8TKyu07FBUUSsITVtjTVh_zexVR98ZdeBA&_rdr","article_modified_time":"2023-11-28T10:10:30+00:00","og_image":[{"url":"https:\/\/untertelshof.com\/wp-content\/uploads\/2023\/11\/wandern-1-570x380.jpg","type":"","width":"","height":""}],"twitter_card":"summary_large_image","twitter_misc":{"Est. reading time":"1 minute"},"schema":{"@context":"https:\/\/schema.org","@graph":[{"@type":"WebPage","@id":"https:\/\/www.tumpaschinhof.webteam2000.biz\/en\/umgebung\/","url":"https:\/\/www.tumpaschinhof.webteam2000.biz\/en\/umgebung\/","name":"Umgebung - tumpaschin.com","isPartOf":{"@id":"https:\/\/www.tumpaschinhof.webteam2000.biz\/en\/#website"},"primaryImageOfPage":{"@id":"https:\/\/www.tumpaschinhof.webteam2000.biz\/en\/umgebung\/#primaryimage"},"image":{"@id":"https:\/\/www.tumpaschinhof.webteam2000.biz\/en\/umgebung\/#primaryimage"},"thumbnailUrl":"https:\/\/untertelshof.com\/wp-content\/uploads\/2023\/11\/wandern-1-570x380.jpg","datePublished":"2014-10-31T20:26:48+00:00","dateModified":"2023-11-28T10:10:30+00:00","breadcrumb":{"@id":"https:\/\/www.tumpaschinhof.webteam2000.biz\/en\/umgebung\/#breadcrumb"},"inLanguage":"en-US","potentialAction":[{"@type":"ReadAction","target":["https:\/\/www.tumpaschinhof.webteam2000.biz\/en\/umgebung\/"]}]},{"@type":"ImageObject","inLanguage":"en-US","@id":"https:\/\/www.tumpaschinhof.webteam2000.biz\/en\/umgebung\/#primaryimage","url":"https:\/\/untertelshof.com\/wp-content\/uploads\/2023\/11\/wandern-1-570x380.jpg","contentUrl":"https:\/\/untertelshof.com\/wp-content\/uploads\/2023\/11\/wandern-1-570x380.jpg"},{"@type":"BreadcrumbList","@id":"https:\/\/www.tumpaschinhof.webteam2000.biz\/en\/umgebung\/#breadcrumb","itemListElement":[{"@type":"ListItem","position":1,"name":"Startseite","item":"https:\/\/www.tumpaschinhof.webteam2000.biz\/en\/"},{"@type":"ListItem","position":2,"name":"Umgebung"}]},{"@type":"WebSite","@id":"https:\/\/www.tumpaschinhof.webteam2000.biz\/en\/#website","url":"https:\/\/www.tumpaschinhof.webteam2000.biz\/en\/","name":"untertelshof.com","description":"...bereitgestellt von WebTeam2000 - Schlanders","potentialAction":[{"@type":"SearchAction","target":{"@type":"EntryPoint","urlTemplate":"https:\/\/www.tumpaschinhof.webteam2000.biz\/en\/?s={search_term_string}"},"query-input":{"@type":"PropertyValueSpecification","valueRequired":true,"valueName":"search_term_string"}}],"inLanguage":"en-US"}]}},"publishpress_future_workflow_manual_trigger":{"enabledWorkflows":[]},"_links":{"self":[{"href":"https:\/\/www.tumpaschinhof.webteam2000.biz\/en\/wp-json\/wp\/v2\/pages\/916","targetHints":{"allow":["GET"]}}],"collection":[{"href":"https:\/\/www.tumpaschinhof.webteam2000.biz\/en\/wp-json\/wp\/v2\/pages"}],"about":[{"href":"https:\/\/www.tumpaschinhof.webteam2000.biz\/en\/wp-json\/wp\/v2\/types\/page"}],"author":[{"embeddable":true,"href":"https:\/\/www.tumpaschinhof.webteam2000.biz\/en\/wp-json\/wp\/v2\/users\/3"}],"replies":[{"embeddable":true,"href":"https:\/\/www.tumpaschinhof.webteam2000.biz\/en\/wp-json\/wp\/v2\/comments?post=916"}],"version-history":[{"count":16,"href":"https:\/\/www.tumpaschinhof.webteam2000.biz\/en\/wp-json\/wp\/v2\/pages\/916\/revisions"}],"predecessor-version":[{"id":1920,"href":"https:\/\/www.tumpaschinhof.webteam2000.biz\/en\/wp-json\/wp\/v2\/pages\/916\/revisions\/1920"}],"wp:attachment":[{"href":"https:\/\/www.tumpaschinhof.webteam2000.biz\/en\/wp-json\/wp\/v2\/media?parent=916"}],"curies":[{"name":"wp","href":"https:\/\/api.w.org\/{rel}","templated":true}]}}